{"id":906,"date":"2023-08-13T03:25:03","date_gmt":"2023-08-13T01:25:03","guid":{"rendered":"https:\/\/kingbaudouinstadium.be\/?page_id=906"},"modified":"2024-09-27T11:53:27","modified_gmt":"2024-09-27T09:53:27","slug":"votre-evenement-au-stade","status":"publish","type":"page","link":"https:\/\/kingbaudouinstadium.be\/index.php\/votre-evenement-au-stade\/","title":{"rendered":"Votre \u00e9v\u00e9nement au stade"},"content":{"rendered":"\t\t<div data-elementor-type=\"wp-page\" data-elementor-id=\"906\" class=\"elementor elementor-906\">\n\t\t\t\t\t\t<section class=\"elementor-section elementor-top-section elementor-element elementor-element-3409c2c1 elementor-section-boxed elementor-section-height-default elementor-section-height-default\" data-id=\"3409c2c1\" data-element_type=\"section\">\r\n\t\t\r\n\t\t\t\t\t\t\t<div class=\"elementor-container elementor-column-gap-default\">\r\n\t\t\t\t\t\t\t\t\t\t\t<div class=\"elementor-column elementor-col-100 elementor-top-column elementor-element elementor-element-6052ed59\" data-id=\"6052ed59\" data-element_type=\"column\">\r\n\t\t\t\t\t<div class=\"elementor-widget-wrap elementor-element-populated\">\r\n\t\t\t\t\t\t\t\t<div class=\"elementor-element elementor-element-213ecb8a elementor-widget elementor-widget-text-editor\" data-id=\"213ecb8a\" data-element_type=\"widget\" data-widget_type=\"text-editor.default\">\n\t\t\t\t<div class=\"elementor-widget-container\">\n\t\t\t\t\t\t\t<p><!-- wp:paragraph --><\/p>\n<p><img fetchpriority=\"high\" decoding=\"async\" class=\"alignnone wp-image-1178 size-full\" src=\"https:\/\/kingbaudouinstadium.be\/wp-content\/uploads\/2023\/08\/Votre-evenement-au-stade.png\" alt=\"\" width=\"1024\" height=\"600\" srcset=\"https:\/\/kingbaudouinstadium.be\/wp-content\/uploads\/2023\/08\/Votre-evenement-au-stade.png 1024w, https:\/\/kingbaudouinstadium.be\/wp-content\/uploads\/2023\/08\/Votre-evenement-au-stade-768x450.png 768w, https:\/\/kingbaudouinstadium.be\/wp-content\/uploads\/2023\/08\/Votre-evenement-au-stade-640x375.png 640w, https:\/\/kingbaudouinstadium.be\/wp-content\/uploads\/2023\/08\/Votre-evenement-au-stade-400x234.png 400w\" sizes=\"(max-width: 1024px) 100vw, 1024px\" \/><\/p>\n<p>Les tribunes du stade Roi Baudouin dispose de nombreux espaces de tailles, d\u2019\u00e9quipements et de configurations vari\u00e9s pour pouvoir accueillir des \u00e9v\u00e9nements priv\u00e9s.<\/p>\n<p>Une r\u00e9union de travail ? Un workshop ? Un teambuilding ? Une pr\u00e9sentation de produit ? Une conf\u00e9rence de presse ? Une journ\u00e9e du personnel ? \u2026 Tout est possible\u00a0! \u00a0<\/p>\n<p>Consultez notre brochure pour d\u00e9couvrir les diff\u00e9rents espaces, leurs multiples possibilit\u00e9s ainsi que leurs tarifs, puis contactez-nous pour v\u00e9rifier les disponibilit\u00e9s et r\u00e9server l\u2019espace qui convient \u00e0 votre \u00e9v\u00e9nement.<\/p>\n<p><span style=\"color: #3c434a; font-family: Consolas, Monaco, monospace; font-size: 13px; background-color: rgba(0, 0, 0, 0.07);\"><div class=\"_df_book df-lite\" id=\"df_2005\"  _slug=\"2005\" data-title=\"brochue-votre-evenement-au-stade-fr\" wpoptions=\"true\" thumbtype=\"\" ><\/div><script class=\"df-shortcode-script\" type=\"application\/javascript\">window.option_df_2005 = {\"outline\":[],\"backgroundColor\":\"#000000\",\"autoEnableOutline\":\"false\",\"autoEnableThumbnail\":\"false\",\"overwritePDFOutline\":\"false\",\"direction\":\"1\",\"pageSize\":\"0\",\"source\":\"https:\\\/\\\/kingbaudouinstadium.be\\\/wp-content\\\/uploads\\\/2025\\\/07\\\/Brochure-location-KBS_FR_V3.pdf\",\"wpOptions\":\"true\"}; if(window.DFLIP && window.DFLIP.parseBooks){window.DFLIP.parseBooks();}<\/script><\/span><\/p>\n<p><a href=\"https:\/\/www.prosportevent.be\/360_KBS\" target=\"_blank\" rel=\"noopener\">Visite virtuelle Stade Roi Baudouin<\/a><\/p>\n<p>Pour toute question concernant les locations d\u2019espaces au Stade Roi Baudouin, contactez <a href=\"https:\/\/prosportevent.be\/\" target=\"_blank\" rel=\"noopener\">l\u2019asbl Prosport Bruxelles<\/a><\/p>\n<p>+32 (0)2 474 39 46<\/p>\n<p><a href=\"mailto:booking@prosportevent.be\">booking@prosportevent.be<\/a><\/p>\n<p>\u00a0<\/p>\n<p><strong>TOURNAGES <\/strong><\/p>\n<p><img decoding=\"async\" class=\"alignnone wp-image-1118 size-full\" src=\"https:\/\/kingbaudouinstadium.be\/wp-content\/uploads\/2023\/08\/22.-Tournages-1024x600-1.png\" alt=\"\" width=\"1024\" height=\"600\" srcset=\"https:\/\/kingbaudouinstadium.be\/wp-content\/uploads\/2023\/08\/22.-Tournages-1024x600-1.png 1024w, https:\/\/kingbaudouinstadium.be\/wp-content\/uploads\/2023\/08\/22.-Tournages-1024x600-1-768x450.png 768w, https:\/\/kingbaudouinstadium.be\/wp-content\/uploads\/2023\/08\/22.-Tournages-1024x600-1-640x375.png 640w, https:\/\/kingbaudouinstadium.be\/wp-content\/uploads\/2023\/08\/22.-Tournages-1024x600-1-400x234.png 400w\" sizes=\"(max-width: 1024px) 100vw, 1024px\" \/><\/p>\n<p>Le Stade Roi Baudouin est r\u00e9guli\u00e8rement l\u2019objet de reportages photographiques ou cin\u00e9matographiques.<\/p>\n<p>Ainsi, depuis son inauguration, il a \u00e9t\u00e9 le d\u00e9cor de nombreux reportages, sportifs ou autres, de prises de vue pour des projets scolaires ou universitaires ainsi que de photoshootings et tournages commerciaux.<\/p>\n<p>Qu\u2019il s\u2019agisse de grands ou de petits projets, tout est envisageable au Stade Roi Baudouin !<\/p>\n<p>Pour toute question concernant les tournages au Stade Roi Baudouin, contactez <a href=\"https:\/\/prosportevent.be\/\" target=\"_blank\" rel=\"noopener\">l\u2019asbl Prosport Bruxelles<\/a><\/p>\n<p>+32 (0)2 474 39 46<\/p>\n<p><a href=\"mailto:booking@prosportevent.be\">booking@prosportevent.be<\/a><\/p>\n<p><!-- \/wp:paragraph --><\/p>\t\t\t\t\t\t<\/div>\n\t\t\t\t<\/div>\n\t\t\t\t\t<\/div>\r\n\t\t\t\t<\/div>\r\n\t\t\t\t\t<\/div>\r\n\t\t\t\t<\/section>\r\n\t\t\t\t<\/div>\n\t\t","protected":false},"excerpt":{"rendered":"<p>Les tribunes du stade Roi Baudouin dispose de nombreux espaces de tailles, d\u2019\u00e9quipements et de configurations vari\u00e9s pour pouvoir accueillir des \u00e9v\u00e9nements priv\u00e9s. Une r\u00e9union de travail ? Un workshop ? Un teambuilding ? Une pr\u00e9sentation de produit ? Une conf\u00e9rence de presse ? Une journ\u00e9e du personnel ? \u2026 Tout est possible\u00a0! \u00a0 Consultez [&hellip;]<\/p>\n","protected":false},"author":1,"featured_media":0,"parent":0,"menu_order":0,"comment_status":"closed","ping_status":"closed","template":"","meta":{"_monsterinsights_skip_tracking":false,"_monsterinsights_sitenote_active":false,"_monsterinsights_sitenote_note":"","_monsterinsights_sitenote_category":0,"footnotes":""},"class_list":["post-906","page","type-page","status-publish","hentry"],"yoast_head":"<!-- This site is optimized with the Yoast SEO plugin v23.6 - https:\/\/yoast.com\/wordpress\/plugins\/seo\/ -->\n<title>Votre \u00e9v\u00e9nement au stade - King Baudouin Stadium<\/title>\n<meta name=\"robots\" content=\"index, follow, max-snippet:-1, max-image-preview:large, max-video-preview:-1\" \/>\n<link rel=\"canonical\" href=\"https:\/\/kingbaudouinstadium.be\/index.php\/votre-evenement-au-stade\/\" \/>\n<meta property=\"og:locale\" content=\"fr_FR\" \/>\n<meta property=\"og:type\" content=\"article\" \/>\n<meta property=\"og:title\" content=\"Votre \u00e9v\u00e9nement au stade - King Baudouin Stadium\" \/>\n<meta property=\"og:description\" content=\"Les tribunes du stade Roi Baudouin dispose de nombreux espaces de tailles, d\u2019\u00e9quipements et de configurations vari\u00e9s pour pouvoir accueillir des \u00e9v\u00e9nements priv\u00e9s. Une r\u00e9union de travail ? Un workshop ? Un teambuilding ? Une pr\u00e9sentation de produit ? Une conf\u00e9rence de presse ? Une journ\u00e9e du personnel ? \u2026 Tout est possible\u00a0! \u00a0 Consultez [&hellip;]\" \/>\n<meta property=\"og:url\" content=\"https:\/\/kingbaudouinstadium.be\/index.php\/votre-evenement-au-stade\/\" \/>\n<meta property=\"og:site_name\" content=\"King Baudouin Stadium\" \/>\n<meta property=\"article:publisher\" content=\"https:\/\/www.facebook.com\/StadeRoiBaudouin.KoningBoudewijnStadion\" \/>\n<meta property=\"article:modified_time\" content=\"2024-09-27T09:53:27+00:00\" \/>\n<meta property=\"og:image\" content=\"https:\/\/kingbaudouinstadium.be\/wp-content\/uploads\/2023\/08\/Votre-evenement-au-stade.png\" \/>\n<meta name=\"twitter:card\" content=\"summary_large_image\" \/>\n<meta name=\"twitter:label1\" content=\"Dur\u00e9e de lecture estim\u00e9e\" \/>\n\t<meta name=\"twitter:data1\" content=\"2 minutes\" \/>\n<script type=\"application\/ld+json\" class=\"yoast-schema-graph\">{\"@context\":\"https:\/\/schema.org\",\"@graph\":[{\"@type\":\"WebPage\",\"@id\":\"https:\/\/kingbaudouinstadium.be\/index.php\/votre-evenement-au-stade\/\",\"url\":\"https:\/\/kingbaudouinstadium.be\/index.php\/votre-evenement-au-stade\/\",\"name\":\"Votre \u00e9v\u00e9nement au stade - King Baudouin Stadium\",\"isPartOf\":{\"@id\":\"https:\/\/kingbaudouinstadium.be\/#website\"},\"primaryImageOfPage\":{\"@id\":\"https:\/\/kingbaudouinstadium.be\/index.php\/votre-evenement-au-stade\/#primaryimage\"},\"image\":{\"@id\":\"https:\/\/kingbaudouinstadium.be\/index.php\/votre-evenement-au-stade\/#primaryimage\"},\"thumbnailUrl\":\"https:\/\/kingbaudouinstadium.be\/wp-content\/uploads\/2023\/08\/Votre-evenement-au-stade.png\",\"datePublished\":\"2023-08-13T01:25:03+00:00\",\"dateModified\":\"2024-09-27T09:53:27+00:00\",\"breadcrumb\":{\"@id\":\"https:\/\/kingbaudouinstadium.be\/index.php\/votre-evenement-au-stade\/#breadcrumb\"},\"inLanguage\":\"fr-FR\",\"potentialAction\":[{\"@type\":\"ReadAction\",\"target\":[\"https:\/\/kingbaudouinstadium.be\/index.php\/votre-evenement-au-stade\/\"]}]},{\"@type\":\"ImageObject\",\"inLanguage\":\"fr-FR\",\"@id\":\"https:\/\/kingbaudouinstadium.be\/index.php\/votre-evenement-au-stade\/#primaryimage\",\"url\":\"https:\/\/kingbaudouinstadium.be\/wp-content\/uploads\/2023\/08\/Votre-evenement-au-stade.png\",\"contentUrl\":\"https:\/\/kingbaudouinstadium.be\/wp-content\/uploads\/2023\/08\/Votre-evenement-au-stade.png\",\"width\":1024,\"height\":600},{\"@type\":\"BreadcrumbList\",\"@id\":\"https:\/\/kingbaudouinstadium.be\/index.php\/votre-evenement-au-stade\/#breadcrumb\",\"itemListElement\":[{\"@type\":\"ListItem\",\"position\":1,\"name\":\"Home\",\"item\":\"https:\/\/kingbaudouinstadium.be\/\"},{\"@type\":\"ListItem\",\"position\":2,\"name\":\"Votre \u00e9v\u00e9nement au stade\"}]},{\"@type\":\"WebSite\",\"@id\":\"https:\/\/kingbaudouinstadium.be\/#website\",\"url\":\"https:\/\/kingbaudouinstadium.be\/\",\"name\":\"King Baudouin Stadium\",\"description\":\"The Stadium To Feel\",\"publisher\":{\"@id\":\"https:\/\/kingbaudouinstadium.be\/#organization\"},\"potentialAction\":[{\"@type\":\"SearchAction\",\"target\":{\"@type\":\"EntryPoint\",\"urlTemplate\":\"https:\/\/kingbaudouinstadium.be\/?s={search_term_string}\"},\"query-input\":{\"@type\":\"PropertyValueSpecification\",\"valueRequired\":true,\"valueName\":\"search_term_string\"}}],\"inLanguage\":\"fr-FR\"},{\"@type\":\"Organization\",\"@id\":\"https:\/\/kingbaudouinstadium.be\/#organization\",\"name\":\"King Baudouin Stadium\",\"url\":\"https:\/\/kingbaudouinstadium.be\/\",\"logo\":{\"@type\":\"ImageObject\",\"inLanguage\":\"fr-FR\",\"@id\":\"https:\/\/kingbaudouinstadium.be\/#\/schema\/logo\/image\/\",\"url\":\"https:\/\/kingbaudouinstadium.be\/wp-content\/uploads\/2023\/03\/Logo_King_Baudouin_B_Black.png\",\"contentUrl\":\"https:\/\/kingbaudouinstadium.be\/wp-content\/uploads\/2023\/03\/Logo_King_Baudouin_B_Black.png\",\"width\":1486,\"height\":2294,\"caption\":\"King Baudouin Stadium\"},\"image\":{\"@id\":\"https:\/\/kingbaudouinstadium.be\/#\/schema\/logo\/image\/\"},\"sameAs\":[\"https:\/\/www.facebook.com\/StadeRoiBaudouin.KoningBoudewijnStadion\",\"https:\/\/www.instagram.com\/kingbaudouinstadium\/\"]}]}<\/script>\n<!-- \/ Yoast SEO plugin. -->","yoast_head_json":{"title":"Votre \u00e9v\u00e9nement au stade - King Baudouin Stadium","robots":{"index":"index","follow":"follow","max-snippet":"max-snippet:-1","max-image-preview":"max-image-preview:large","max-video-preview":"max-video-preview:-1"},"canonical":"https:\/\/kingbaudouinstadium.be\/index.php\/votre-evenement-au-stade\/","og_locale":"fr_FR","og_type":"article","og_title":"Votre \u00e9v\u00e9nement au stade - King Baudouin Stadium","og_description":"Les tribunes du stade Roi Baudouin dispose de nombreux espaces de tailles, d\u2019\u00e9quipements et de configurations vari\u00e9s pour pouvoir accueillir des \u00e9v\u00e9nements priv\u00e9s. Une r\u00e9union de travail ? Un workshop ? Un teambuilding ? Une pr\u00e9sentation de produit ? Une conf\u00e9rence de presse ? Une journ\u00e9e du personnel ? \u2026 Tout est possible\u00a0! \u00a0 Consultez [&hellip;]","og_url":"https:\/\/kingbaudouinstadium.be\/index.php\/votre-evenement-au-stade\/","og_site_name":"King Baudouin Stadium","article_publisher":"https:\/\/www.facebook.com\/StadeRoiBaudouin.KoningBoudewijnStadion","article_modified_time":"2024-09-27T09:53:27+00:00","og_image":[{"url":"https:\/\/kingbaudouinstadium.be\/wp-content\/uploads\/2023\/08\/Votre-evenement-au-stade.png"}],"twitter_card":"summary_large_image","twitter_misc":{"Dur\u00e9e de lecture estim\u00e9e":"2 minutes"},"schema":{"@context":"https:\/\/schema.org","@graph":[{"@type":"WebPage","@id":"https:\/\/kingbaudouinstadium.be\/index.php\/votre-evenement-au-stade\/","url":"https:\/\/kingbaudouinstadium.be\/index.php\/votre-evenement-au-stade\/","name":"Votre \u00e9v\u00e9nement au stade - King Baudouin Stadium","isPartOf":{"@id":"https:\/\/kingbaudouinstadium.be\/#website"},"primaryImageOfPage":{"@id":"https:\/\/kingbaudouinstadium.be\/index.php\/votre-evenement-au-stade\/#primaryimage"},"image":{"@id":"https:\/\/kingbaudouinstadium.be\/index.php\/votre-evenement-au-stade\/#primaryimage"},"thumbnailUrl":"https:\/\/kingbaudouinstadium.be\/wp-content\/uploads\/2023\/08\/Votre-evenement-au-stade.png","datePublished":"2023-08-13T01:25:03+00:00","dateModified":"2024-09-27T09:53:27+00:00","breadcrumb":{"@id":"https:\/\/kingbaudouinstadium.be\/index.php\/votre-evenement-au-stade\/#breadcrumb"},"inLanguage":"fr-FR","potentialAction":[{"@type":"ReadAction","target":["https:\/\/kingbaudouinstadium.be\/index.php\/votre-evenement-au-stade\/"]}]},{"@type":"ImageObject","inLanguage":"fr-FR","@id":"https:\/\/kingbaudouinstadium.be\/index.php\/votre-evenement-au-stade\/#primaryimage","url":"https:\/\/kingbaudouinstadium.be\/wp-content\/uploads\/2023\/08\/Votre-evenement-au-stade.png","contentUrl":"https:\/\/kingbaudouinstadium.be\/wp-content\/uploads\/2023\/08\/Votre-evenement-au-stade.png","width":1024,"height":600},{"@type":"BreadcrumbList","@id":"https:\/\/kingbaudouinstadium.be\/index.php\/votre-evenement-au-stade\/#breadcrumb","itemListElement":[{"@type":"ListItem","position":1,"name":"Home","item":"https:\/\/kingbaudouinstadium.be\/"},{"@type":"ListItem","position":2,"name":"Votre \u00e9v\u00e9nement au stade"}]},{"@type":"WebSite","@id":"https:\/\/kingbaudouinstadium.be\/#website","url":"https:\/\/kingbaudouinstadium.be\/","name":"King Baudouin Stadium","description":"The Stadium To Feel","publisher":{"@id":"https:\/\/kingbaudouinstadium.be\/#organization"},"potentialAction":[{"@type":"SearchAction","target":{"@type":"EntryPoint","urlTemplate":"https:\/\/kingbaudouinstadium.be\/?s={search_term_string}"},"query-input":{"@type":"PropertyValueSpecification","valueRequired":true,"valueName":"search_term_string"}}],"inLanguage":"fr-FR"},{"@type":"Organization","@id":"https:\/\/kingbaudouinstadium.be\/#organization","name":"King Baudouin Stadium","url":"https:\/\/kingbaudouinstadium.be\/","logo":{"@type":"ImageObject","inLanguage":"fr-FR","@id":"https:\/\/kingbaudouinstadium.be\/#\/schema\/logo\/image\/","url":"https:\/\/kingbaudouinstadium.be\/wp-content\/uploads\/2023\/03\/Logo_King_Baudouin_B_Black.png","contentUrl":"https:\/\/kingbaudouinstadium.be\/wp-content\/uploads\/2023\/03\/Logo_King_Baudouin_B_Black.png","width":1486,"height":2294,"caption":"King Baudouin Stadium"},"image":{"@id":"https:\/\/kingbaudouinstadium.be\/#\/schema\/logo\/image\/"},"sameAs":["https:\/\/www.facebook.com\/StadeRoiBaudouin.KoningBoudewijnStadion","https:\/\/www.instagram.com\/kingbaudouinstadium\/"]}]}},"_links":{"self":[{"href":"https:\/\/kingbaudouinstadium.be\/index.php\/wp-json\/wp\/v2\/pages\/906"}],"collection":[{"href":"https:\/\/kingbaudouinstadium.be\/index.php\/wp-json\/wp\/v2\/pages"}],"about":[{"href":"https:\/\/kingbaudouinstadium.be\/index.php\/wp-json\/wp\/v2\/types\/page"}],"author":[{"embeddable":true,"href":"https:\/\/kingbaudouinstadium.be\/index.php\/wp-json\/wp\/v2\/users\/1"}],"replies":[{"embeddable":true,"href":"https:\/\/kingbaudouinstadium.be\/index.php\/wp-json\/wp\/v2\/comments?post=906"}],"version-history":[{"count":35,"href":"https:\/\/kingbaudouinstadium.be\/index.php\/wp-json\/wp\/v2\/pages\/906\/revisions"}],"predecessor-version":[{"id":4495,"href":"https:\/\/kingbaudouinstadium.be\/index.php\/wp-json\/wp\/v2\/pages\/906\/revisions\/4495"}],"wp:attachment":[{"href":"https:\/\/kingbaudouinstadium.be\/index.php\/wp-json\/wp\/v2\/media?parent=906"}],"curies":[{"name":"wp","href":"https:\/\/api.w.org\/{rel}","templated":true}]}}