{"id":915,"date":"2023-08-13T03:29:09","date_gmt":"2023-08-13T01:29:09","guid":{"rendered":"https:\/\/kingbaudouinstadium.be\/?page_id=915"},"modified":"2024-09-27T11:54:10","modified_gmt":"2024-09-27T09:54:10","slug":"devenir-partenaire","status":"publish","type":"page","link":"https:\/\/kingbaudouinstadium.be\/index.php\/devenir-partenaire\/","title":{"rendered":"Devenir partenaire"},"content":{"rendered":"\t\t<div data-elementor-type=\"wp-page\" data-elementor-id=\"915\" class=\"elementor elementor-915\">\n\t\t\t\t\t\t<section class=\"elementor-section elementor-top-section elementor-element elementor-element-7605facf elementor-section-boxed elementor-section-height-default elementor-section-height-default\" data-id=\"7605facf\" data-element_type=\"section\">\r\n\t\t\r\n\t\t\t\t\t\t\t<div class=\"elementor-container elementor-column-gap-default\">\r\n\t\t\t\t\t\t\t\t\t\t\t<div class=\"elementor-column elementor-col-100 elementor-top-column elementor-element elementor-element-218679ec\" data-id=\"218679ec\" data-element_type=\"column\">\r\n\t\t\t\t\t<div class=\"elementor-widget-wrap elementor-element-populated\">\r\n\t\t\t\t\t\t\t\t<div class=\"elementor-element elementor-element-555fd72c elementor-widget elementor-widget-text-editor\" data-id=\"555fd72c\" data-element_type=\"widget\" data-widget_type=\"text-editor.default\">\n\t\t\t\t<div class=\"elementor-widget-container\">\n\t\t\t\t\t\t\t<p><!-- wp:paragraph --><\/p>\n<p><img fetchpriority=\"high\" decoding=\"async\" class=\"alignnone wp-image-1119 size-full\" src=\"https:\/\/kingbaudouinstadium.be\/wp-content\/uploads\/2023\/08\/23.-Devenir-partenaire-1024x600-1.png\" alt=\"\" width=\"1024\" height=\"600\" srcset=\"https:\/\/kingbaudouinstadium.be\/wp-content\/uploads\/2023\/08\/23.-Devenir-partenaire-1024x600-1.png 1024w, https:\/\/kingbaudouinstadium.be\/wp-content\/uploads\/2023\/08\/23.-Devenir-partenaire-1024x600-1-768x450.png 768w, https:\/\/kingbaudouinstadium.be\/wp-content\/uploads\/2023\/08\/23.-Devenir-partenaire-1024x600-1-640x375.png 640w, https:\/\/kingbaudouinstadium.be\/wp-content\/uploads\/2023\/08\/23.-Devenir-partenaire-1024x600-1-400x234.png 400w\" sizes=\"(max-width: 1024px) 100vw, 1024px\" \/><\/p>\n<p>Une exp\u00e9rience unique au c\u0153ur du Stade Roi Baudouin<\/p>\n<p>Devenir partenaire du Stade Roi Baudouin, c\u2019est la possibilit\u00e9 pour votre entreprise de renforcer vos relations avec vos meilleurs clients ou collaborateurs, d\u2019associer votre marque \u00e0 la promotion du sport et d\u2019accroitre votre visibilit\u00e9 au sein du monde sportif bruxellois.<\/p>\n<p><strong>QUELS AVANTAGES\u00a0? <\/strong><\/p>\n<p>Les avantages du partenariat sont multiples :<\/p>\n<ul>\n<li>Des formules VIP de haut standing lors de concerts inoubliables ou d\u2019\u00e9v\u00e9nements sportifs de renomm\u00e9e internationale (concerts, matchs des Diables rouges, grands \u00e9v\u00e9nements sportifs, etc.) ;<\/li>\n<li>Des conditions privil\u00e9gi\u00e9es pour la location des diff\u00e9rents espaces du Stade Roi Baudouin pour y organiser vos propres \u00e9v\u00e9nements ;<\/li>\n<\/ul>\n<ul>\n<li>Du networking avec d\u2019autres soci\u00e9t\u00e9s partenaires ayant pour objectif de cr\u00e9er des synergies par le biais notamment de deux journ\u00e9es inter-partenaires par an\u00a0;<\/li>\n<li>De la visibilit\u00e9 au sein du monde sportif bruxellois et une image de marque r\u00e9affirm\u00e9e par les valeurs positives v\u00e9hicul\u00e9es par le sport.<\/li>\n<\/ul>\n<p>Consultez notre brochure partenariat (ci-dessous) pour en connaitre tous les avantages<\/p>\n<p><span style=\"color: #3c434a; font-family: Consolas, Monaco, monospace; font-size: 13px; background-color: rgba(0, 0, 0, 0.07);\"><div class=\"_df_book df-lite\" id=\"df_1099\"  _slug=\"brochure-partenaires-fr\" data-title=\"brochure-partenaires-fr\" wpoptions=\"true\" thumbtype=\"\" ><\/div><script class=\"df-shortcode-script\" type=\"application\/javascript\">window.option_df_1099 = {\"outline\":[],\"backgroundColor\":\"#000000\",\"autoEnableOutline\":\"false\",\"autoEnableThumbnail\":\"false\",\"overwritePDFOutline\":\"false\",\"direction\":\"1\",\"pageSize\":\"0\",\"source\":\"https:\\\/\\\/kingbaudouinstadium.be\\\/wp-content\\\/uploads\\\/2024\\\/06\\\/Plaquette-partenariat-Prosport-1.pdf\",\"wpOptions\":\"true\"}; if(window.DFLIP && window.DFLIP.parseBooks){window.DFLIP.parseBooks();}<\/script><\/span><\/p>\n<p>Pour toute question concernant les partenariats, contactez <a href=\"https:\/\/prosportevent.be\/\" target=\"_blank\" rel=\"noopener\">l\u2019asbl Prosport Bruxelles<\/a><\/p>\n<p>+32 (0)2 474 39 42<\/p>\n<p><a href=\"mailto:partners@prosportevent.be\">partners@prosportevent.be<\/a><\/p>\n<p><span style=\"font-weight: bold;\">NOS PARTENAIRES<\/span><\/p>\n<p><!-- \/wp:paragraph --><\/p>\t\t\t\t\t\t<\/div>\n\t\t\t\t<\/div>\n\t\t\t\t\t<\/div>\r\n\t\t\t\t<\/div>\r\n\t\t\t\t\t<\/div>\r\n\t\t\t\t<\/section>\r\n\t\t\t\t<section class=\"elementor-section elementor-top-section elementor-element elementor-element-5bb677b elementor-section-boxed elementor-section-height-default elementor-section-height-default\" data-id=\"5bb677b\" data-element_type=\"section\">\r\n\t\t\r\n\t\t\t\t\t\t\t<div class=\"elementor-container elementor-column-gap-default\">\r\n\t\t\t\t\t\t\t\t\t\t\t<div class=\"elementor-column elementor-col-100 elementor-top-column elementor-element elementor-element-11d016f\" data-id=\"11d016f\" data-element_type=\"column\">\r\n\t\t\t\t\t<div class=\"elementor-widget-wrap elementor-element-populated\">\r\n\t\t\t\t\t\t\t\t<div class=\"elementor-element elementor-element-4820801 elementor-arrows-position-inside elementor-widget elementor-widget-image-carousel\" data-id=\"4820801\" data-element_type=\"widget\" data-settings=\"{&quot;slides_to_show&quot;:&quot;7&quot;,&quot;navigation&quot;:&quot;arrows&quot;,&quot;autoplay&quot;:&quot;yes&quot;,&quot;pause_on_hover&quot;:&quot;yes&quot;,&quot;pause_on_interaction&quot;:&quot;yes&quot;,&quot;autoplay_speed&quot;:5000,&quot;infinite&quot;:&quot;yes&quot;,&quot;speed&quot;:500}\" data-widget_type=\"image-carousel.default\">\n\t\t\t\t<div class=\"elementor-widget-container\">\n\t\t\t\t\t<div class=\"elementor-image-carousel-wrapper swiper\" dir=\"ltr\">\n\t\t\t<div class=\"elementor-image-carousel swiper-wrapper\" aria-live=\"off\">\n\t\t\t\t\t\t\t\t<div class=\"swiper-slide\" role=\"group\" aria-roledescription=\"slide\" aria-label=\"1 sur 21\"><figure class=\"swiper-slide-inner\"><img decoding=\"async\" class=\"swiper-slide-image\" src=\"https:\/\/kingbaudouinstadium.be\/wp-content\/uploads\/2023\/08\/DB-Group-300x300-1-150x150.png\" alt=\"\" \/><\/figure><\/div><div class=\"swiper-slide\" role=\"group\" aria-roledescription=\"slide\" aria-label=\"2 sur 21\"><figure class=\"swiper-slide-inner\"><img decoding=\"async\" class=\"swiper-slide-image\" src=\"https:\/\/kingbaudouinstadium.be\/wp-content\/uploads\/2023\/08\/Cegelec-300x300-1-150x150.png\" alt=\"\" \/><\/figure><\/div><div class=\"swiper-slide\" role=\"group\" aria-roledescription=\"slide\" aria-label=\"3 sur 21\"><figure class=\"swiper-slide-inner\"><img decoding=\"async\" class=\"swiper-slide-image\" src=\"https:\/\/kingbaudouinstadium.be\/wp-content\/uploads\/2023\/08\/BeoBank-300x300-1-150x150.png\" alt=\"\" \/><\/figure><\/div><div class=\"swiper-slide\" role=\"group\" aria-roledescription=\"slide\" aria-label=\"4 sur 21\"><figure class=\"swiper-slide-inner\"><img decoding=\"async\" class=\"swiper-slide-image\" src=\"https:\/\/kingbaudouinstadium.be\/wp-content\/uploads\/2024\/02\/Logo-Ethias-2024-300x300-1-150x150.png\" alt=\"\" \/><\/figure><\/div><div class=\"swiper-slide\" role=\"group\" aria-roledescription=\"slide\" aria-label=\"5 sur 21\"><figure class=\"swiper-slide-inner\"><img decoding=\"async\" class=\"swiper-slide-image\" src=\"https:\/\/kingbaudouinstadium.be\/wp-content\/uploads\/2023\/08\/AB-In-Bev-300x300-1-150x150.png\" alt=\"\" \/><\/figure><\/div><div class=\"swiper-slide\" role=\"group\" aria-roledescription=\"slide\" aria-label=\"6 sur 21\"><figure class=\"swiper-slide-inner\"><img decoding=\"async\" class=\"swiper-slide-image\" src=\"https:\/\/kingbaudouinstadium.be\/wp-content\/uploads\/2023\/08\/Viage-300x300-1-150x150.png\" alt=\"\" \/><\/figure><\/div><div class=\"swiper-slide\" role=\"group\" aria-roledescription=\"slide\" aria-label=\"7 sur 21\"><figure class=\"swiper-slide-inner\"><img decoding=\"async\" class=\"swiper-slide-image\" src=\"https:\/\/kingbaudouinstadium.be\/wp-content\/uploads\/2023\/08\/Veolia-300x300-1-150x150.png\" alt=\"\" \/><\/figure><\/div><div class=\"swiper-slide\" role=\"group\" aria-roledescription=\"slide\" aria-label=\"8 sur 21\"><figure class=\"swiper-slide-inner\"><img decoding=\"async\" class=\"swiper-slide-image\" src=\"https:\/\/kingbaudouinstadium.be\/wp-content\/uploads\/2023\/08\/Veaudeville-300x300-1-150x150.png\" alt=\"\" \/><\/figure><\/div><div class=\"swiper-slide\" role=\"group\" aria-roledescription=\"slide\" aria-label=\"9 sur 21\"><figure class=\"swiper-slide-inner\"><img decoding=\"async\" class=\"swiper-slide-image\" src=\"https:\/\/kingbaudouinstadium.be\/wp-content\/uploads\/2023\/08\/Thomas-300x300-1-150x150.png\" alt=\"\" \/><\/figure><\/div><div class=\"swiper-slide\" role=\"group\" aria-roledescription=\"slide\" aria-label=\"10 sur 21\"><figure class=\"swiper-slide-inner\"><img decoding=\"async\" class=\"swiper-slide-image\" src=\"https:\/\/kingbaudouinstadium.be\/wp-content\/uploads\/2023\/08\/Salvatore-300x300-1-150x150.png\" alt=\"\" \/><\/figure><\/div><div class=\"swiper-slide\" role=\"group\" aria-roledescription=\"slide\" aria-label=\"11 sur 21\"><figure class=\"swiper-slide-inner\"><img decoding=\"async\" class=\"swiper-slide-image\" src=\"https:\/\/kingbaudouinstadium.be\/wp-content\/uploads\/2023\/08\/Philips-300x300-1-150x150.png\" alt=\"\" \/><\/figure><\/div><div class=\"swiper-slide\" role=\"group\" aria-roledescription=\"slide\" aria-label=\"12 sur 21\"><figure class=\"swiper-slide-inner\"><img decoding=\"async\" class=\"swiper-slide-image\" src=\"https:\/\/kingbaudouinstadium.be\/wp-content\/uploads\/2023\/08\/Offimex-300x300-1-150x150.png\" alt=\"\" \/><\/figure><\/div><div class=\"swiper-slide\" role=\"group\" aria-roledescription=\"slide\" aria-label=\"13 sur 21\"><figure class=\"swiper-slide-inner\"><img decoding=\"async\" class=\"swiper-slide-image\" src=\"https:\/\/kingbaudouinstadium.be\/wp-content\/uploads\/2023\/08\/Mabru-300x300-1-150x150.png\" alt=\"\" \/><\/figure><\/div><div class=\"swiper-slide\" role=\"group\" aria-roledescription=\"slide\" aria-label=\"14 sur 21\"><figure class=\"swiper-slide-inner\"><img decoding=\"async\" class=\"swiper-slide-image\" src=\"https:\/\/kingbaudouinstadium.be\/wp-content\/uploads\/2023\/08\/Loterie-nationale-300x300-1-150x150.png\" alt=\"\" \/><\/figure><\/div><div class=\"swiper-slide\" role=\"group\" aria-roledescription=\"slide\" aria-label=\"15 sur 21\"><figure class=\"swiper-slide-inner\"><img decoding=\"async\" class=\"swiper-slide-image\" src=\"https:\/\/kingbaudouinstadium.be\/wp-content\/uploads\/2023\/08\/Kevin-Hennebert-300x300-1-150x150.png\" alt=\"\" \/><\/figure><\/div><div class=\"swiper-slide\" role=\"group\" aria-roledescription=\"slide\" aria-label=\"16 sur 21\"><figure class=\"swiper-slide-inner\"><img decoding=\"async\" class=\"swiper-slide-image\" src=\"https:\/\/kingbaudouinstadium.be\/wp-content\/uploads\/2023\/08\/Europcar-300x300-1-150x150.png\" alt=\"\" \/><\/figure><\/div><div class=\"swiper-slide\" role=\"group\" aria-roledescription=\"slide\" aria-label=\"17 sur 21\"><figure class=\"swiper-slide-inner\"><img decoding=\"async\" class=\"swiper-slide-image\" src=\"https:\/\/kingbaudouinstadium.be\/wp-content\/uploads\/2023\/08\/Euro-Tap-Rent-300x300-1-150x150.png\" alt=\"\" \/><\/figure><\/div><div class=\"swiper-slide\" role=\"group\" aria-roledescription=\"slide\" aria-label=\"18 sur 21\"><figure class=\"swiper-slide-inner\"><img decoding=\"async\" class=\"swiper-slide-image\" src=\"https:\/\/kingbaudouinstadium.be\/wp-content\/uploads\/2024\/05\/LOGO-POMMERY-300x300-1-150x150.png\" alt=\"\" \/><\/figure><\/div><div class=\"swiper-slide\" role=\"group\" aria-roledescription=\"slide\" aria-label=\"19 sur 21\"><figure class=\"swiper-slide-inner\"><img decoding=\"async\" class=\"swiper-slide-image\" src=\"https:\/\/kingbaudouinstadium.be\/wp-content\/uploads\/2024\/05\/Logo-Roelandt-300x300-1-150x150.png\" alt=\"\" \/><\/figure><\/div><div class=\"swiper-slide\" role=\"group\" aria-roledescription=\"slide\" aria-label=\"20 sur 21\"><figure class=\"swiper-slide-inner\"><img decoding=\"async\" class=\"swiper-slide-image\" src=\"https:\/\/kingbaudouinstadium.be\/wp-content\/uploads\/2024\/06\/Logo-Clear-Channel-300x300-1-150x150.png\" alt=\"\" \/><\/figure><\/div><div class=\"swiper-slide\" role=\"group\" aria-roledescription=\"slide\" aria-label=\"21 sur 21\"><figure class=\"swiper-slide-inner\"><img decoding=\"async\" class=\"swiper-slide-image\" src=\"https:\/\/kingbaudouinstadium.be\/wp-content\/uploads\/2024\/06\/Logo-Ledblox-300x300-1-150x150.png\" alt=\"\" \/><\/figure><\/div>\t\t\t<\/div>\n\t\t\t\t\t\t\t\t\t\t\t\t<div class=\"elementor-swiper-button elementor-swiper-button-prev\" role=\"button\" tabindex=\"0\">\n\t\t\t\t\t\t<i aria-hidden=\"true\" class=\"eicon-chevron-left\"><\/i>\t\t\t\t\t<\/div>\n\t\t\t\t\t<div class=\"elementor-swiper-button elementor-swiper-button-next\" role=\"button\" tabindex=\"0\">\n\t\t\t\t\t\t<i aria-hidden=\"true\" class=\"eicon-chevron-right\"><\/i>\t\t\t\t\t<\/div>\n\t\t\t\t\n\t\t\t\t\t\t\t\t\t<\/div>\n\t\t\t\t<\/div>\n\t\t\t\t<\/div>\n\t\t\t\t\t<\/div>\r\n\t\t\t\t<\/div>\r\n\t\t\t\t\t<\/div>\r\n\t\t\t\t<\/section>\r\n\t\t\t\t<\/div>\n\t\t","protected":false},"excerpt":{"rendered":"<p>Une exp\u00e9rience unique au c\u0153ur du Stade Roi Baudouin Devenir partenaire du Stade Roi Baudouin, c\u2019est la possibilit\u00e9 pour votre entreprise de renforcer vos relations avec vos meilleurs clients ou collaborateurs, d\u2019associer votre marque \u00e0 la promotion du sport et d\u2019accroitre votre visibilit\u00e9 au sein du monde sportif bruxellois. QUELS AVANTAGES\u00a0? Les avantages du partenariat [&hellip;]<\/p>\n","protected":false},"author":1,"featured_media":0,"parent":0,"menu_order":0,"comment_status":"closed","ping_status":"closed","template":"","meta":{"_monsterinsights_skip_tracking":false,"_monsterinsights_sitenote_active":false,"_monsterinsights_sitenote_note":"","_monsterinsights_sitenote_category":0,"footnotes":""},"class_list":["post-915","page","type-page","status-publish","hentry"],"yoast_head":"<!-- This site is optimized with the Yoast SEO plugin v23.6 - https:\/\/yoast.com\/wordpress\/plugins\/seo\/ -->\n<title>Devenir partenaire - King Baudouin Stadium<\/title>\n<meta name=\"robots\" content=\"index, follow, max-snippet:-1, max-image-preview:large, max-video-preview:-1\" \/>\n<link rel=\"canonical\" href=\"https:\/\/kingbaudouinstadium.be\/index.php\/devenir-partenaire\/\" \/>\n<meta property=\"og:locale\" content=\"fr_FR\" \/>\n<meta property=\"og:type\" content=\"article\" \/>\n<meta property=\"og:title\" content=\"Devenir partenaire - King Baudouin Stadium\" \/>\n<meta property=\"og:description\" content=\"Une exp\u00e9rience unique au c\u0153ur du Stade Roi Baudouin Devenir partenaire du Stade Roi Baudouin, c\u2019est la possibilit\u00e9 pour votre entreprise de renforcer vos relations avec vos meilleurs clients ou collaborateurs, d\u2019associer votre marque \u00e0 la promotion du sport et d\u2019accroitre votre visibilit\u00e9 au sein du monde sportif bruxellois. QUELS AVANTAGES\u00a0? Les avantages du partenariat [&hellip;]\" \/>\n<meta property=\"og:url\" content=\"https:\/\/kingbaudouinstadium.be\/index.php\/devenir-partenaire\/\" \/>\n<meta property=\"og:site_name\" content=\"King Baudouin Stadium\" \/>\n<meta property=\"article:publisher\" content=\"https:\/\/www.facebook.com\/StadeRoiBaudouin.KoningBoudewijnStadion\" \/>\n<meta property=\"article:modified_time\" content=\"2024-09-27T09:54:10+00:00\" \/>\n<meta property=\"og:image\" content=\"https:\/\/kingbaudouinstadium.be\/wp-content\/uploads\/2023\/08\/23.-Devenir-partenaire-1024x600-1.png\" \/>\n<meta name=\"twitter:card\" content=\"summary_large_image\" \/>\n<meta name=\"twitter:label1\" content=\"Dur\u00e9e de lecture estim\u00e9e\" \/>\n\t<meta name=\"twitter:data1\" content=\"8 minutes\" \/>\n<script type=\"application\/ld+json\" class=\"yoast-schema-graph\">{\"@context\":\"https:\/\/schema.org\",\"@graph\":[{\"@type\":\"WebPage\",\"@id\":\"https:\/\/kingbaudouinstadium.be\/index.php\/devenir-partenaire\/\",\"url\":\"https:\/\/kingbaudouinstadium.be\/index.php\/devenir-partenaire\/\",\"name\":\"Devenir partenaire - King Baudouin Stadium\",\"isPartOf\":{\"@id\":\"https:\/\/kingbaudouinstadium.be\/#website\"},\"primaryImageOfPage\":{\"@id\":\"https:\/\/kingbaudouinstadium.be\/index.php\/devenir-partenaire\/#primaryimage\"},\"image\":{\"@id\":\"https:\/\/kingbaudouinstadium.be\/index.php\/devenir-partenaire\/#primaryimage\"},\"thumbnailUrl\":\"https:\/\/kingbaudouinstadium.be\/wp-content\/uploads\/2023\/08\/23.-Devenir-partenaire-1024x600-1.png\",\"datePublished\":\"2023-08-13T01:29:09+00:00\",\"dateModified\":\"2024-09-27T09:54:10+00:00\",\"breadcrumb\":{\"@id\":\"https:\/\/kingbaudouinstadium.be\/index.php\/devenir-partenaire\/#breadcrumb\"},\"inLanguage\":\"fr-FR\",\"potentialAction\":[{\"@type\":\"ReadAction\",\"target\":[\"https:\/\/kingbaudouinstadium.be\/index.php\/devenir-partenaire\/\"]}]},{\"@type\":\"ImageObject\",\"inLanguage\":\"fr-FR\",\"@id\":\"https:\/\/kingbaudouinstadium.be\/index.php\/devenir-partenaire\/#primaryimage\",\"url\":\"https:\/\/kingbaudouinstadium.be\/wp-content\/uploads\/2023\/08\/23.-Devenir-partenaire-1024x600-1.png\",\"contentUrl\":\"https:\/\/kingbaudouinstadium.be\/wp-content\/uploads\/2023\/08\/23.-Devenir-partenaire-1024x600-1.png\",\"width\":1024,\"height\":600},{\"@type\":\"BreadcrumbList\",\"@id\":\"https:\/\/kingbaudouinstadium.be\/index.php\/devenir-partenaire\/#breadcrumb\",\"itemListElement\":[{\"@type\":\"ListItem\",\"position\":1,\"name\":\"Home\",\"item\":\"https:\/\/kingbaudouinstadium.be\/\"},{\"@type\":\"ListItem\",\"position\":2,\"name\":\"Devenir partenaire\"}]},{\"@type\":\"WebSite\",\"@id\":\"https:\/\/kingbaudouinstadium.be\/#website\",\"url\":\"https:\/\/kingbaudouinstadium.be\/\",\"name\":\"King Baudouin Stadium\",\"description\":\"The Stadium To Feel\",\"publisher\":{\"@id\":\"https:\/\/kingbaudouinstadium.be\/#organization\"},\"potentialAction\":[{\"@type\":\"SearchAction\",\"target\":{\"@type\":\"EntryPoint\",\"urlTemplate\":\"https:\/\/kingbaudouinstadium.be\/?s={search_term_string}\"},\"query-input\":{\"@type\":\"PropertyValueSpecification\",\"valueRequired\":true,\"valueName\":\"search_term_string\"}}],\"inLanguage\":\"fr-FR\"},{\"@type\":\"Organization\",\"@id\":\"https:\/\/kingbaudouinstadium.be\/#organization\",\"name\":\"King Baudouin Stadium\",\"url\":\"https:\/\/kingbaudouinstadium.be\/\",\"logo\":{\"@type\":\"ImageObject\",\"inLanguage\":\"fr-FR\",\"@id\":\"https:\/\/kingbaudouinstadium.be\/#\/schema\/logo\/image\/\",\"url\":\"https:\/\/kingbaudouinstadium.be\/wp-content\/uploads\/2023\/03\/Logo_King_Baudouin_B_Black.png\",\"contentUrl\":\"https:\/\/kingbaudouinstadium.be\/wp-content\/uploads\/2023\/03\/Logo_King_Baudouin_B_Black.png\",\"width\":1486,\"height\":2294,\"caption\":\"King Baudouin Stadium\"},\"image\":{\"@id\":\"https:\/\/kingbaudouinstadium.be\/#\/schema\/logo\/image\/\"},\"sameAs\":[\"https:\/\/www.facebook.com\/StadeRoiBaudouin.KoningBoudewijnStadion\",\"https:\/\/www.instagram.com\/kingbaudouinstadium\/\"]}]}<\/script>\n<!-- \/ Yoast SEO plugin. -->","yoast_head_json":{"title":"Devenir partenaire - King Baudouin Stadium","robots":{"index":"index","follow":"follow","max-snippet":"max-snippet:-1","max-image-preview":"max-image-preview:large","max-video-preview":"max-video-preview:-1"},"canonical":"https:\/\/kingbaudouinstadium.be\/index.php\/devenir-partenaire\/","og_locale":"fr_FR","og_type":"article","og_title":"Devenir partenaire - King Baudouin Stadium","og_description":"Une exp\u00e9rience unique au c\u0153ur du Stade Roi Baudouin Devenir partenaire du Stade Roi Baudouin, c\u2019est la possibilit\u00e9 pour votre entreprise de renforcer vos relations avec vos meilleurs clients ou collaborateurs, d\u2019associer votre marque \u00e0 la promotion du sport et d\u2019accroitre votre visibilit\u00e9 au sein du monde sportif bruxellois. QUELS AVANTAGES\u00a0? Les avantages du partenariat [&hellip;]","og_url":"https:\/\/kingbaudouinstadium.be\/index.php\/devenir-partenaire\/","og_site_name":"King Baudouin Stadium","article_publisher":"https:\/\/www.facebook.com\/StadeRoiBaudouin.KoningBoudewijnStadion","article_modified_time":"2024-09-27T09:54:10+00:00","og_image":[{"url":"https:\/\/kingbaudouinstadium.be\/wp-content\/uploads\/2023\/08\/23.-Devenir-partenaire-1024x600-1.png"}],"twitter_card":"summary_large_image","twitter_misc":{"Dur\u00e9e de lecture estim\u00e9e":"8 minutes"},"schema":{"@context":"https:\/\/schema.org","@graph":[{"@type":"WebPage","@id":"https:\/\/kingbaudouinstadium.be\/index.php\/devenir-partenaire\/","url":"https:\/\/kingbaudouinstadium.be\/index.php\/devenir-partenaire\/","name":"Devenir partenaire - King Baudouin Stadium","isPartOf":{"@id":"https:\/\/kingbaudouinstadium.be\/#website"},"primaryImageOfPage":{"@id":"https:\/\/kingbaudouinstadium.be\/index.php\/devenir-partenaire\/#primaryimage"},"image":{"@id":"https:\/\/kingbaudouinstadium.be\/index.php\/devenir-partenaire\/#primaryimage"},"thumbnailUrl":"https:\/\/kingbaudouinstadium.be\/wp-content\/uploads\/2023\/08\/23.-Devenir-partenaire-1024x600-1.png","datePublished":"2023-08-13T01:29:09+00:00","dateModified":"2024-09-27T09:54:10+00:00","breadcrumb":{"@id":"https:\/\/kingbaudouinstadium.be\/index.php\/devenir-partenaire\/#breadcrumb"},"inLanguage":"fr-FR","potentialAction":[{"@type":"ReadAction","target":["https:\/\/kingbaudouinstadium.be\/index.php\/devenir-partenaire\/"]}]},{"@type":"ImageObject","inLanguage":"fr-FR","@id":"https:\/\/kingbaudouinstadium.be\/index.php\/devenir-partenaire\/#primaryimage","url":"https:\/\/kingbaudouinstadium.be\/wp-content\/uploads\/2023\/08\/23.-Devenir-partenaire-1024x600-1.png","contentUrl":"https:\/\/kingbaudouinstadium.be\/wp-content\/uploads\/2023\/08\/23.-Devenir-partenaire-1024x600-1.png","width":1024,"height":600},{"@type":"BreadcrumbList","@id":"https:\/\/kingbaudouinstadium.be\/index.php\/devenir-partenaire\/#breadcrumb","itemListElement":[{"@type":"ListItem","position":1,"name":"Home","item":"https:\/\/kingbaudouinstadium.be\/"},{"@type":"ListItem","position":2,"name":"Devenir partenaire"}]},{"@type":"WebSite","@id":"https:\/\/kingbaudouinstadium.be\/#website","url":"https:\/\/kingbaudouinstadium.be\/","name":"King Baudouin Stadium","description":"The Stadium To Feel","publisher":{"@id":"https:\/\/kingbaudouinstadium.be\/#organization"},"potentialAction":[{"@type":"SearchAction","target":{"@type":"EntryPoint","urlTemplate":"https:\/\/kingbaudouinstadium.be\/?s={search_term_string}"},"query-input":{"@type":"PropertyValueSpecification","valueRequired":true,"valueName":"search_term_string"}}],"inLanguage":"fr-FR"},{"@type":"Organization","@id":"https:\/\/kingbaudouinstadium.be\/#organization","name":"King Baudouin Stadium","url":"https:\/\/kingbaudouinstadium.be\/","logo":{"@type":"ImageObject","inLanguage":"fr-FR","@id":"https:\/\/kingbaudouinstadium.be\/#\/schema\/logo\/image\/","url":"https:\/\/kingbaudouinstadium.be\/wp-content\/uploads\/2023\/03\/Logo_King_Baudouin_B_Black.png","contentUrl":"https:\/\/kingbaudouinstadium.be\/wp-content\/uploads\/2023\/03\/Logo_King_Baudouin_B_Black.png","width":1486,"height":2294,"caption":"King Baudouin Stadium"},"image":{"@id":"https:\/\/kingbaudouinstadium.be\/#\/schema\/logo\/image\/"},"sameAs":["https:\/\/www.facebook.com\/StadeRoiBaudouin.KoningBoudewijnStadion","https:\/\/www.instagram.com\/kingbaudouinstadium\/"]}]}},"_links":{"self":[{"href":"https:\/\/kingbaudouinstadium.be\/index.php\/wp-json\/wp\/v2\/pages\/915"}],"collection":[{"href":"https:\/\/kingbaudouinstadium.be\/index.php\/wp-json\/wp\/v2\/pages"}],"about":[{"href":"https:\/\/kingbaudouinstadium.be\/index.php\/wp-json\/wp\/v2\/types\/page"}],"author":[{"embeddable":true,"href":"https:\/\/kingbaudouinstadium.be\/index.php\/wp-json\/wp\/v2\/users\/1"}],"replies":[{"embeddable":true,"href":"https:\/\/kingbaudouinstadium.be\/index.php\/wp-json\/wp\/v2\/comments?post=915"}],"version-history":[{"count":80,"href":"https:\/\/kingbaudouinstadium.be\/index.php\/wp-json\/wp\/v2\/pages\/915\/revisions"}],"predecessor-version":[{"id":4498,"href":"https:\/\/kingbaudouinstadium.be\/index.php\/wp-json\/wp\/v2\/pages\/915\/revisions\/4498"}],"wp:attachment":[{"href":"https:\/\/kingbaudouinstadium.be\/index.php\/wp-json\/wp\/v2\/media?parent=915"}],"curies":[{"name":"wp","href":"https:\/\/api.w.org\/{rel}","templated":true}]}}